{"id":87,"date":"2019-01-23T13:25:49","date_gmt":"2019-01-23T13:25:49","guid":{"rendered":"https:\/\/chiefwitchofficer.com\/product\/money-plant\/"},"modified":"2026-03-29T07:22:37","modified_gmt":"2026-03-29T05:22:37","slug":"bookcwo","status":"publish","type":"product","link":"https:\/\/chiefwitchofficer.com\/es\/producto\/bookcwo\/","title":{"rendered":"The book Chief Witch Officer &#8211; Espa\u00f1ol"},"content":{"rendered":"<div data-elementor-type=\"wp-post\" data-elementor-id=\"87\" class=\"elementor elementor-87\">\n\t\t\t\t\t\t<section class=\"elementor-section elementor-top-section elementor-element elementor-element-33919762 elementor-section-boxed elementor-section-height-default elementor-section-height-default\" data-id=\"33919762\" data-element_type=\"section\" data-e-type=\"section\">\n\t\t\t\t\t\t<div class=\"elementor-container elementor-column-gap-default\">\n\t\t\t\t\t<div class=\"elementor-column elementor-col-100 elementor-top-column elementor-element elementor-element-395e5406\" data-id=\"395e5406\" data-element_type=\"column\" data-e-type=\"column\">\n\t\t\t<div class=\"elementor-widget-wrap elementor-element-populated\">\n\t\t\t\t\t\t<div class=\"elementor-element elementor-element-120a2656 elementor-widget elementor-widget-text-editor\" data-id=\"120a2656\" data-element_type=\"widget\" data-e-type=\"widget\" data-widget_type=\"text-editor.default\">\n\t\t\t\t<div class=\"elementor-widget-container\">\n\t\t\t\t\t\t\t\t\t<h3>Chief Witch Officer: Descubre los poderes que te har\u00e1n triunfar (Tapa blanda) &#8211; Espa\u00f1ol<\/h3><p>Descubre esta gu\u00eda pr\u00e1ctica de liderazgo femenino y d\u00e9jate sorprender por el legado de las brujas, esas mujeres temidas por demostrar que el poder de la mujer en la sociedad puede hacer aut\u00e9ntica magia.<\/p><p>\u00a0<\/p><h5><span style=\"color: #383838; font-family: Roboto; font-size: 16px;\">Puedes conseguir el ebook\u00a0 (5,50\u20ac y con descuentos de lanzamiento) en la librer\u00eda de\u00a0<\/span><a style=\"background-color: #ffffff; font-family: var( --e-global-typography-text-font-family ), Sans-serif; font-size: 16px;\" href=\"https:\/\/www.elcorteingles.es\/ebooks\/tagus-9788419238658-chief-witch-officer-ebook\/\">El Corte Ingl\u00e9s<\/a><span style=\"color: #383838; font-family: Roboto; font-size: 16px;\">,\u00a0<\/span><a style=\"background-color: #ffffff; font-family: var( --e-global-typography-text-font-family ), Sans-serif; font-size: 16px;\" href=\"https:\/\/www.agapea.com\/libros\/Chief-Witch-Officer-Ebook--EB9788419238658-i.htm\">Agapea<\/a><span style=\"color: #383838; font-family: Roboto; font-size: 16px;\">\u00a0o\u00a0<\/span><a style=\"background-color: #ffffff; font-family: var( --e-global-typography-text-font-family ), Sans-serif; font-size: 16px;\" href=\"https:\/\/www.casadellibro.com\/ebook-chief-witch-officer-ebook\/9788419238658\/12790900\">Casa del Libro<\/a><\/h5><h5>No dudes en acudir a la compra del libro en <a href=\"https:\/\/www.amazon.es\/gp\/product\/8419074829\/ref=dbs_a_def_rwt_hsch_vapi_taft_p1_i0\">Amazon<\/a> y a valorarlo.\u00a0<\/h5><p>\u00a0<\/p><h2>Descripci\u00f3n<\/h2><p>Un prop\u00f3sito, el de apostar por el liderazgo femenino y hacerlo de una forma entretenida y motivadora. Una propuesta que nos hechizar\u00e1 desde la primera p\u00e1gina, ayudando a las mujeres a encontrar su propio poder, el de lograr lo que se propongan.<\/p><p>Entre el humor suscitado por historias y leyendas del legado de las brujas y la practicidad de las an\u00e9cdotas\u00a0 intercaladas de forma inspiradora, la autora hace surgir el\u00a0<em>witchfulness<\/em>, una nueva filosof\u00eda, creativa y original, que\u00a0 permitir\u00e1 a la lectora convertirse en una bruja ejecutiva de los pies a la cabeza, obteniendo el atractivo t\u00edtulo de\u00a0<em>Chief Witch Officer<\/em>.<\/p><p>\u00bfC\u00f3mo puedes llegar a ser una\u00a0<em>Chief Witch Officer<\/em>? Tanto si lo haces por pura curiosidad para conocer esta interpretaci\u00f3n del poder de las brujas, como si te sientes atra\u00edda por nuevas formas de poner orden y control a tu liderazgo, d\u00e9jate llevar por las p\u00e1ginas de esta gu\u00eda pr\u00e1ctica y \u00a1l\u00e1nzate a volar en la escoba m\u00e1gica!<\/p><p>Deja fluir tu imaginaci\u00f3n, emprende viajes que te inspiren y que te lleven a conocer todo lo que las herramientas de bruja pueden ofrecerte. Descubrir\u00e1s que este libro s\u00ed es m\u00e1gico, porque te ayudar\u00e1 a convertir tus ilusiones en realidades, a perseguir tus sue\u00f1os y transformarlos en planes ejecutables. Despega para sumarte a la esencia de una bruja, a trabajar con su alma de l\u00edder, a apasionarte como\u00a0 ella por nuestro planeta y a usar m\u00e9todos como un grimorio moderno para mantener tu mente siempre en orden. Entra a formar parte de la red de mujeres\u00a0<em>Chief Witch Officer<\/em>, CWO, y suma tu energ\u00eda a este c\u00edrculo m\u00e1gico.<\/p>\t\t\t\t\t\t\t\t<\/div>\n\t\t\t\t<\/div>\n\t\t\t\t\t<\/div>\n\t\t<\/div>\n\t\t\t\t\t<\/div>\n\t\t<\/section>\n\t\t\t\t<\/div>","protected":false},"excerpt":{"rendered":"<p>Chief Witch Officer: Descubre los poderes que te har\u00e1n triunfar (Tapa blanda) &#8211; Espa\u00f1ol Descubre esta gu\u00eda pr\u00e1ctica de liderazgo femenino y d\u00e9jate sorprender por el legado de las brujas, esas mujeres temidas por demostrar que el poder de la mujer en la sociedad puede hacer aut\u00e9ntica magia. Puedes conseguir el ebook\u00a0 (5,50\u20ac y con [&hellip;]<\/p>\n","protected":false},"featured_media":2892,"comment_status":"open","ping_status":"closed","template":"","meta":{"_monsterinsights_skip_tracking":false,"_monsterinsights_sitenote_active":false,"_monsterinsights_sitenote_note":"","_monsterinsights_sitenote_category":0,"site-sidebar-layout":"default","site-content-layout":"default","ast-site-content-layout":"default","site-content-style":"default","site-sidebar-style":"default","ast-global-header-display":"","ast-banner-title-visibility":"","ast-main-header-display":"","ast-hfb-above-header-display":"","ast-hfb-below-header-display":"","ast-hfb-mobile-header-display":"","site-post-title":"","ast-breadcrumbs-content":"","ast-featured-img":"","footer-sml-layout":"","ast-disable-related-posts":"","theme-transparent-header-meta":"default","adv-header-id-meta":"","stick-header-meta":"","header-above-stick-meta":"","header-main-stick-meta":"","header-below-stick-meta":"","astra-migrate-meta-layouts":"default","ast-page-background-enabled":"default","ast-page-background-meta":{"desktop":{"background-color":"","background-image":"","background-repeat":"repeat","background-position":"center center","background-size":"auto","background-attachment":"scroll","background-type":"","background-media":"","overlay-type":"","overlay-color":"","overlay-opacity":"","overlay-gradient":""},"tablet":{"background-color":"","background-image":"","background-repeat":"repeat","background-position":"center center","background-size":"auto","background-attachment":"scroll","background-type":"","background-media":"","overlay-type":"","overlay-color":"","overlay-opacity":"","overlay-gradient":""},"mobile":{"background-color":"","background-image":"","background-repeat":"repeat","background-position":"center center","background-size":"auto","background-attachment":"scroll","background-type":"","background-media":"","overlay-type":"","overlay-color":"","overlay-opacity":"","overlay-gradient":""}},"ast-content-background-meta":{"desktop":{"background-color":"var(--ast-global-color-5)","background-image":"","background-repeat":"repeat","background-position":"center center","background-size":"auto","background-attachment":"scroll","background-type":"","background-media":"","overlay-type":"","overlay-color":"","overlay-opacity":"","overlay-gradient":""},"tablet":{"background-color":"var(--ast-global-color-5)","background-image":"","background-repeat":"repeat","background-position":"center center","background-size":"auto","background-attachment":"scroll","background-type":"","background-media":"","overlay-type":"","overlay-color":"","overlay-opacity":"","overlay-gradient":""},"mobile":{"background-color":"var(--ast-global-color-5)","background-image":"","background-repeat":"repeat","background-position":"center center","background-size":"auto","background-attachment":"scroll","background-type":"","background-media":"","overlay-type":"","overlay-color":"","overlay-opacity":"","overlay-gradient":""}}},"product_brand":[],"product_cat":[49,48],"product_tag":[],"class_list":{"0":"post-87","1":"product","2":"type-product","3":"status-publish","4":"has-post-thumbnail","6":"product_cat-chiefwitchofficer","7":"product_cat-leadership","8":"product_shipping_class-shipping-to-spain","9":"desktop-align-center","10":"tablet-align-left","11":"mobile-align-left","13":"first","14":"instock","15":"featured","16":"taxable","17":"shipping-taxable","18":"purchasable","19":"product-type-simple"},"aioseo_notices":[],"_links":{"self":[{"href":"https:\/\/chiefwitchofficer.com\/es\/wp-json\/wp\/v2\/product\/87","targetHints":{"allow":["GET"]}}],"collection":[{"href":"https:\/\/chiefwitchofficer.com\/es\/wp-json\/wp\/v2\/product"}],"about":[{"href":"https:\/\/chiefwitchofficer.com\/es\/wp-json\/wp\/v2\/types\/product"}],"replies":[{"embeddable":true,"href":"https:\/\/chiefwitchofficer.com\/es\/wp-json\/wp\/v2\/comments?post=87"}],"version-history":[{"count":0,"href":"https:\/\/chiefwitchofficer.com\/es\/wp-json\/wp\/v2\/product\/87\/revisions"}],"wp:featuredmedia":[{"embeddable":true,"href":"https:\/\/chiefwitchofficer.com\/es\/wp-json\/wp\/v2\/media\/2892"}],"wp:attachment":[{"href":"https:\/\/chiefwitchofficer.com\/es\/wp-json\/wp\/v2\/media?parent=87"}],"wp:term":[{"taxonomy":"product_brand","embeddable":true,"href":"https:\/\/chiefwitchofficer.com\/es\/wp-json\/wp\/v2\/product_brand?post=87"},{"taxonomy":"product_cat","embeddable":true,"href":"https:\/\/chiefwitchofficer.com\/es\/wp-json\/wp\/v2\/product_cat?post=87"},{"taxonomy":"product_tag","embeddable":true,"href":"https:\/\/chiefwitchofficer.com\/es\/wp-json\/wp\/v2\/product_tag?post=87"}],"curies":[{"name":"wp","href":"https:\/\/api.w.org\/{rel}","templated":true}]}}