{"id":3396,"date":"2023-03-21T09:30:22","date_gmt":"2023-03-21T08:30:22","guid":{"rendered":"https:\/\/chiefwitchofficer.com\/?post_type=product&#038;p=3396"},"modified":"2023-12-08T18:27:43","modified_gmt":"2023-12-08T17:27:43","slug":"liderazgo-creativo-desbloquear-tu-creatividad-con-pellizcos-lcm01-es","status":"publish","type":"product","link":"https:\/\/chiefwitchofficer.com\/es\/producto\/liderazgo-creativo-desbloquear-tu-creatividad-con-pellizcos-lcm01-es\/","title":{"rendered":"LIDERAZGO CREATIVO:  DESBLOQUEAR TU CREATIVIDAD CON PELLIZCOS (LCM01-ES)"},"content":{"rendered":"","protected":false},"excerpt":{"rendered":"<p class=\"_04xlpA direction-ltr align-start para-style-body\"><span class=\"S1PPyQ\">\u00a1Estamos encantados de ofrecerte una experiencia \u00fanica e innovadora que combina el arte y la cer\u00e1mica con el liderazgo creativo. Nos apasiona poder ayudarte a conectar tus habilidades<\/span> <span class=\"S1PPyQ\">de una forma tan amena, nunca mejor dicho: \u00a1con las manos en el barro!<\/span><\/p>\n<p>This course is held at ChiefWitchOfficer Studio in Pozuelo de Alarc\u00f3n, Madrid, or at a location to be defined in Madrid for groups of 8 people.<\/p>\n<p class=\"_04xlpA direction-ltr align-start para-style-body\"><span class=\"S1PPyQ\">Nuestras sesiones de liderazgo est\u00e1n dise\u00f1adas para ayudarte a explorar tu propio estilo de liderazgo, con autenticidad, para que puedas liderar con empat\u00eda y conexi\u00f3n con tu lado m\u00e1s intuitivo y atrevido. Creemos que el liderazgo no solo se trata de habilidades t\u00e9cnicas, sino tambi\u00e9n de conectar con el potencial creativo. \u00a1Algo tan necesario en esta era del cambio y la innovaci\u00f3n continua!<\/span><\/p>\n<p class=\"_04xlpA direction-ltr align-start para-style-body\"><span class=\"S1PPyQ\">ChiefWitchOfficer Studio es una f\u00e1brica de creatividad y liderazgo. Nos enfocamos en brindarte herramientas para empoderarte y ayudarte a desatar tu potencial.<\/span><\/p>\n<p class=\"_04xlpA direction-ltr align-start para-style-body\"><span class=\"S1PPyQ\">Hemos reinventado el coaching tradicional para lograr experiencias que estimulen el arte de liderar.<\/span><\/p>\n<p class=\"_04xlpA direction-ltr align-start para-style-body\"><span class=\"S1PPyQ\">\u00a1Te esperamos para descubrir nuestras sesiones de liderazgo creativo!<\/span><\/p>","protected":false},"featured_media":3306,"comment_status":"open","ping_status":"closed","template":"","meta":{"_monsterinsights_skip_tracking":false,"_monsterinsights_sitenote_active":false,"_monsterinsights_sitenote_note":"","_monsterinsights_sitenote_category":0,"site-sidebar-layout":"no-sidebar","site-content-layout":"page-builder","ast-site-content-layout":"full-width-container","site-content-style":"unboxed","site-sidebar-style":"unboxed","ast-global-header-display":"","ast-banner-title-visibility":"","ast-main-header-display":"","ast-hfb-above-header-display":"","ast-hfb-below-header-display":"","ast-hfb-mobile-header-display":"","site-post-title":"disabled","ast-breadcrumbs-content":"","ast-featured-img":"disabled","footer-sml-layout":"","ast-disable-related-posts":"","theme-transparent-header-meta":"default","adv-header-id-meta":"","stick-header-meta":"","header-above-stick-meta":"","header-main-stick-meta":"","header-below-stick-meta":"","astra-migrate-meta-layouts":"set","ast-page-background-enabled":"default","ast-page-background-meta":{"desktop":{"background-color":"","background-image":"","background-repeat":"repeat","background-position":"center center","background-size":"auto","background-attachment":"scroll","background-type":"","background-media":"","overlay-type":"","overlay-color":"","overlay-opacity":"","overlay-gradient":""},"tablet":{"background-color":"","background-image":"","background-repeat":"repeat","background-position":"center center","background-size":"auto","background-attachment":"scroll","background-type":"","background-media":"","overlay-type":"","overlay-color":"","overlay-opacity":"","overlay-gradient":""},"mobile":{"background-color":"","background-image":"","background-repeat":"repeat","background-position":"center center","background-size":"auto","background-attachment":"scroll","background-type":"","background-media":"","overlay-type":"","overlay-color":"","overlay-opacity":"","overlay-gradient":""}},"ast-content-background-meta":{"desktop":{"background-color":"var(--ast-global-color-5)","background-image":"","background-repeat":"repeat","background-position":"center center","background-size":"auto","background-attachment":"scroll","background-type":"","background-media":"","overlay-type":"","overlay-color":"","overlay-opacity":"","overlay-gradient":""},"tablet":{"background-color":"var(--ast-global-color-5)","background-image":"","background-repeat":"repeat","background-position":"center center","background-size":"auto","background-attachment":"scroll","background-type":"","background-media":"","overlay-type":"","overlay-color":"","overlay-opacity":"","overlay-gradient":""},"mobile":{"background-color":"var(--ast-global-color-5)","background-image":"","background-repeat":"repeat","background-position":"center center","background-size":"auto","background-attachment":"scroll","background-type":"","background-media":"","overlay-type":"","overlay-color":"","overlay-opacity":"","overlay-gradient":""}}},"product_brand":[],"product_cat":[48,50],"product_tag":[74,71,72,75,73,70,76,77],"class_list":{"0":"post-3396","1":"product","2":"type-product","3":"status-publish","4":"has-post-thumbnail","6":"product_cat-leadership","7":"product_cat-clayworkshops","8":"product_tag-chiefwitchofficer","9":"product_tag-coaching","10":"product_tag-creativity","11":"product_tag-cwo","12":"product_tag-leadership","13":"product_tag-training","14":"product_tag-witchfulness","15":"product_tag-women","16":"product_shipping_class-shipping-to-spain","17":"desktop-align-center","18":"tablet-align-left","19":"mobile-align-left","21":"first","22":"instock","23":"featured","24":"virtual","25":"sold-individually","26":"taxable","27":"purchasable","28":"product-type-simple"},"aioseo_notices":[],"_links":{"self":[{"href":"https:\/\/chiefwitchofficer.com\/es\/wp-json\/wp\/v2\/product\/3396","targetHints":{"allow":["GET"]}}],"collection":[{"href":"https:\/\/chiefwitchofficer.com\/es\/wp-json\/wp\/v2\/product"}],"about":[{"href":"https:\/\/chiefwitchofficer.com\/es\/wp-json\/wp\/v2\/types\/product"}],"replies":[{"embeddable":true,"href":"https:\/\/chiefwitchofficer.com\/es\/wp-json\/wp\/v2\/comments?post=3396"}],"version-history":[{"count":2,"href":"https:\/\/chiefwitchofficer.com\/es\/wp-json\/wp\/v2\/product\/3396\/revisions"}],"predecessor-version":[{"id":4351,"href":"https:\/\/chiefwitchofficer.com\/es\/wp-json\/wp\/v2\/product\/3396\/revisions\/4351"}],"wp:featuredmedia":[{"embeddable":true,"href":"https:\/\/chiefwitchofficer.com\/es\/wp-json\/wp\/v2\/media\/3306"}],"wp:attachment":[{"href":"https:\/\/chiefwitchofficer.com\/es\/wp-json\/wp\/v2\/media?parent=3396"}],"wp:term":[{"taxonomy":"product_brand","embeddable":true,"href":"https:\/\/chiefwitchofficer.com\/es\/wp-json\/wp\/v2\/product_brand?post=3396"},{"taxonomy":"product_cat","embeddable":true,"href":"https:\/\/chiefwitchofficer.com\/es\/wp-json\/wp\/v2\/product_cat?post=3396"},{"taxonomy":"product_tag","embeddable":true,"href":"https:\/\/chiefwitchofficer.com\/es\/wp-json\/wp\/v2\/product_tag?post=3396"}],"curies":[{"name":"wp","href":"https:\/\/api.w.org\/{rel}","templated":true}]}}