{"id":2729,"date":"2023-01-26T21:44:15","date_gmt":"2023-01-26T21:44:15","guid":{"rendered":"https:\/\/chiefwitchofficer.com\/?post_type=product&#038;p=2729"},"modified":"2023-04-14T19:38:29","modified_gmt":"2023-04-14T17:38:29","slug":"born-of-nature","status":"publish","type":"product","link":"https:\/\/chiefwitchofficer.com\/es\/producto\/born-of-nature\/","title":{"rendered":"Nacida de la naturaleza"},"content":{"rendered":"\t\t<div data-elementor-type=\"wp-post\" data-elementor-id=\"2729\" class=\"elementor elementor-2729\">\n\t\t\t\t\t\t<section class=\"elementor-section elementor-top-section elementor-element elementor-element-34f423ec elementor-section-boxed elementor-section-height-default elementor-section-height-default\" data-id=\"34f423ec\" data-element_type=\"section\" data-e-type=\"section\" data-settings=\"{&quot;background_background&quot;:&quot;slideshow&quot;,&quot;background_slideshow_gallery&quot;:[{&quot;id&quot;:3025,&quot;url&quot;:&quot;https:\\\/\\\/chiefwitchofficer.com\\\/wp-content\\\/uploads\\\/2023\\\/02\\\/pergamino0.jpeg&quot;}],&quot;background_slideshow_loop&quot;:&quot;yes&quot;,&quot;background_slideshow_slide_duration&quot;:5000,&quot;background_slideshow_slide_transition&quot;:&quot;fade&quot;,&quot;background_slideshow_transition_duration&quot;:500}\">\n\t\t\t\t\t\t<div class=\"elementor-container elementor-column-gap-default\">\n\t\t\t\t\t<div class=\"elementor-column elementor-col-100 elementor-top-column elementor-element elementor-element-33e396fd\" data-id=\"33e396fd\" data-element_type=\"column\" data-e-type=\"column\">\n\t\t\t<div class=\"elementor-widget-wrap elementor-element-populated\">\n\t\t\t\t\t\t<div class=\"elementor-element elementor-element-e6b95b7 elementor-widget elementor-widget-spacer\" data-id=\"e6b95b7\" data-element_type=\"widget\" data-e-type=\"widget\" data-widget_type=\"spacer.default\">\n\t\t\t\t<div class=\"elementor-widget-container\">\n\t\t\t\t\t\t\t<div class=\"elementor-spacer\">\n\t\t\t<div class=\"elementor-spacer-inner\"><\/div>\n\t\t<\/div>\n\t\t\t\t\t\t<\/div>\n\t\t\t\t<\/div>\n\t\t\t\t<div class=\"elementor-element elementor-element-c0b04ad elementor-widget elementor-widget-heading\" data-id=\"c0b04ad\" data-element_type=\"widget\" data-e-type=\"widget\" data-widget_type=\"heading.default\">\n\t\t\t\t<div class=\"elementor-widget-container\">\n\t\t\t\t\t<h1 class=\"elementor-heading-title elementor-size-default\">The legend<\/h1>\t\t\t\t<\/div>\n\t\t\t\t<\/div>\n\t\t\t\t<div class=\"elementor-element elementor-element-f98d04e elementor-widget elementor-widget-text-editor\" data-id=\"f98d04e\" data-element_type=\"widget\" data-e-type=\"widget\" data-widget_type=\"text-editor.default\">\n\t\t\t\t<div class=\"elementor-widget-container\">\n\t\t\t\t\t\t\t\t\t<h4 style=\"text-align: center;\">Long ago, there was a legend that whispered through the lands about a mysterious woman who lived in the heart of a forest. She was said to possess a love and connection with nature that was unrivaled.<\/h4><h4 style=\"text-align: center;\">This woman spent her days amongst the trees and flowers, singing to the animals and playing with the streams. She was known to be a guardian of the forest, who protected its creatures and nurtured its growth.<\/h4><h4 style=\"text-align: center;\">But one fateful day, a great fire swept through the forest, leaving destruction in its wake. The woman, who had tried to quell the flames, disappeared and was never seen again.<\/h4><h4 style=\"text-align: center;\">But from the charred remains of a tree, the woman was born anew. Her body formed from the trunk of the tree and her arms from its branches. With her newfound strength, she set out to restore the forest to its former glory.<\/h4><h4 style=\"text-align: center;\">The villagers who lived near the forest whispered that the woman was a spirit of nature, brought back to life to heal the land. They claimed that every time the wind blew, they could hear her gentle laughter and feel her warm embrace.<\/h4><h4 style=\"text-align: center;\">And so the ancient legend of the Forest Woman lives on, inspiring all who hear it to cherish and protect nature, and to remember the importance of living in harmony with the world around us.<\/h4>\t\t\t\t\t\t\t\t<\/div>\n\t\t\t\t<\/div>\n\t\t\t\t<div class=\"elementor-element elementor-element-117a334 elementor-widget elementor-widget-spacer\" data-id=\"117a334\" data-element_type=\"widget\" data-e-type=\"widget\" data-widget_type=\"spacer.default\">\n\t\t\t\t<div class=\"elementor-widget-container\">\n\t\t\t\t\t\t\t<div class=\"elementor-spacer\">\n\t\t\t<div class=\"elementor-spacer-inner\"><\/div>\n\t\t<\/div>\n\t\t\t\t\t\t<\/div>\n\t\t\t\t<\/div>\n\t\t\t\t\t<\/div>\n\t\t<\/div>\n\t\t\t\t\t<\/div>\n\t\t<\/section>\n\t\t\t\t<\/div>\n\t\t","protected":false},"excerpt":{"rendered":"<p>Cuentan las leyendas que la Mujer del \u00c1rbol era tan gr\u00e1cil y gentil como las ramas que se balancean con el viento, y pose\u00eda el poder de sanar a los heridos y calmar a los atribulados con solo su presencia.<\/p>\n<p>Y as\u00ed la leyenda de la Mujer del Bosque contin\u00faa viva, inspirando a todos los que la escuchan a apreciar y proteger la naturaleza, y a recordar la importancia de vivir en armon\u00eda con el mundo que nos rodea.<\/p>","protected":false},"featured_media":2844,"comment_status":"open","ping_status":"closed","template":"","meta":{"_monsterinsights_skip_tracking":false,"_monsterinsights_sitenote_active":false,"_monsterinsights_sitenote_note":"","_monsterinsights_sitenote_category":0,"site-sidebar-layout":"default","site-content-layout":"default","ast-site-content-layout":"default","site-content-style":"default","site-sidebar-style":"default","ast-global-header-display":"","ast-banner-title-visibility":"","ast-main-header-display":"","ast-hfb-above-header-display":"","ast-hfb-below-header-display":"","ast-hfb-mobile-header-display":"","site-post-title":"","ast-breadcrumbs-content":"","ast-featured-img":"","footer-sml-layout":"","ast-disable-related-posts":"","theme-transparent-header-meta":"default","adv-header-id-meta":"","stick-header-meta":"","header-above-stick-meta":"","header-main-stick-meta":"","header-below-stick-meta":"","astra-migrate-meta-layouts":"default","ast-page-background-enabled":"default","ast-page-background-meta":{"desktop":{"background-color":"","background-image":"","background-repeat":"repeat","background-position":"center center","background-size":"auto","background-attachment":"scroll","background-type":"","background-media":"","overlay-type":"","overlay-color":"","overlay-opacity":"","overlay-gradient":""},"tablet":{"background-color":"","background-image":"","background-repeat":"repeat","background-position":"center center","background-size":"auto","background-attachment":"scroll","background-type":"","background-media":"","overlay-type":"","overlay-color":"","overlay-opacity":"","overlay-gradient":""},"mobile":{"background-color":"","background-image":"","background-repeat":"repeat","background-position":"center center","background-size":"auto","background-attachment":"scroll","background-type":"","background-media":"","overlay-type":"","overlay-color":"","overlay-opacity":"","overlay-gradient":""}},"ast-content-background-meta":{"desktop":{"background-color":"var(--ast-global-color-5)","background-image":"","background-repeat":"repeat","background-position":"center center","background-size":"auto","background-attachment":"scroll","background-type":"","background-media":"","overlay-type":"","overlay-color":"","overlay-opacity":"","overlay-gradient":""},"tablet":{"background-color":"var(--ast-global-color-5)","background-image":"","background-repeat":"repeat","background-position":"center center","background-size":"auto","background-attachment":"scroll","background-type":"","background-media":"","overlay-type":"","overlay-color":"","overlay-opacity":"","overlay-gradient":""},"mobile":{"background-color":"var(--ast-global-color-5)","background-image":"","background-repeat":"repeat","background-position":"center center","background-size":"auto","background-attachment":"scroll","background-type":"","background-media":"","overlay-type":"","overlay-color":"","overlay-opacity":"","overlay-gradient":""}}},"product_brand":[],"product_cat":[44,67],"product_tag":[],"class_list":{"0":"post-2729","1":"product","2":"type-product","3":"status-publish","4":"has-post-thumbnail","6":"product_cat-artgallery","7":"product_cat-legends","8":"desktop-align-center","9":"tablet-align-left","10":"mobile-align-left","12":"first","13":"instock","14":"sold-individually","15":"taxable","16":"shipping-taxable","17":"purchasable","18":"product-type-simple"},"aioseo_notices":[],"_links":{"self":[{"href":"https:\/\/chiefwitchofficer.com\/es\/wp-json\/wp\/v2\/product\/2729","targetHints":{"allow":["GET"]}}],"collection":[{"href":"https:\/\/chiefwitchofficer.com\/es\/wp-json\/wp\/v2\/product"}],"about":[{"href":"https:\/\/chiefwitchofficer.com\/es\/wp-json\/wp\/v2\/types\/product"}],"replies":[{"embeddable":true,"href":"https:\/\/chiefwitchofficer.com\/es\/wp-json\/wp\/v2\/comments?post=2729"}],"version-history":[{"count":0,"href":"https:\/\/chiefwitchofficer.com\/es\/wp-json\/wp\/v2\/product\/2729\/revisions"}],"wp:featuredmedia":[{"embeddable":true,"href":"https:\/\/chiefwitchofficer.com\/es\/wp-json\/wp\/v2\/media\/2844"}],"wp:attachment":[{"href":"https:\/\/chiefwitchofficer.com\/es\/wp-json\/wp\/v2\/media?parent=2729"}],"wp:term":[{"taxonomy":"product_brand","embeddable":true,"href":"https:\/\/chiefwitchofficer.com\/es\/wp-json\/wp\/v2\/product_brand?post=2729"},{"taxonomy":"product_cat","embeddable":true,"href":"https:\/\/chiefwitchofficer.com\/es\/wp-json\/wp\/v2\/product_cat?post=2729"},{"taxonomy":"product_tag","embeddable":true,"href":"https:\/\/chiefwitchofficer.com\/es\/wp-json\/wp\/v2\/product_tag?post=2729"}],"curies":[{"name":"wp","href":"https:\/\/api.w.org\/{rel}","templated":true}]}}