{"id":2247,"date":"2022-12-12T11:08:36","date_gmt":"2022-12-12T11:08:36","guid":{"rendered":"https:\/\/chiefwitchofficer.com\/?post_type=product&#038;p=2247"},"modified":"2023-02-05T17:17:29","modified_gmt":"2023-02-05T17:17:29","slug":"bellas-despana","status":"publish","type":"product","link":"https:\/\/chiefwitchofficer.com\/es\/producto\/bellas-despana\/","title":{"rendered":"Bellas D\u00b4Espa\u00f1a"},"content":{"rendered":"<div data-elementor-type=\"wp-post\" data-elementor-id=\"2247\" class=\"elementor elementor-2247\">\n\t\t\t\t\t\t<section class=\"elementor-section elementor-top-section elementor-element elementor-element-34f423ec elementor-section-boxed elementor-section-height-default elementor-section-height-default\" data-id=\"34f423ec\" data-element_type=\"section\" data-e-type=\"section\">\n\t\t\t\t\t\t<div class=\"elementor-container elementor-column-gap-default\">\n\t\t\t\t\t<div class=\"elementor-column elementor-col-100 elementor-top-column elementor-element elementor-element-33e396fd\" data-id=\"33e396fd\" data-element_type=\"column\" data-e-type=\"column\">\n\t\t\t<div class=\"elementor-widget-wrap elementor-element-populated\">\n\t\t\t\t\t\t<div class=\"elementor-element elementor-element-c0b04ad elementor-widget elementor-widget-heading\" data-id=\"c0b04ad\" data-element_type=\"widget\" data-e-type=\"widget\" data-widget_type=\"heading.default\">\n\t\t\t\t<div class=\"elementor-widget-container\">\n\t\t\t\t\t<h2 class=\"elementor-heading-title elementor-size-default\">Bellas D\u00b4Espa\u00f1a<\/h2>\t\t\t\t<\/div>\n\t\t\t\t<\/div>\n\t\t\t\t<div class=\"elementor-element elementor-element-36cf4984 elementor-widget elementor-widget-text-editor\" data-id=\"36cf4984\" data-element_type=\"widget\" data-e-type=\"widget\" data-widget_type=\"text-editor.default\">\n\t\t\t\t<div class=\"elementor-widget-container\">\n\t\t\t\t\t\t\t\t\tTres mujeres espa\u00f1olas, cada uno representando a una regi\u00f3n de Espa\u00f1a, la belleza y el orgullo de pertenecer a una tierra feliz y soleada.\n\nBellas XL dispuestas a  bailar en C\u00f3rdoba, Madrid o Sevilla, moviendo su hermoso cuerpos XL para mostrar su magia.\n\n<strong>BELLAS XL<\/strong> son botellas de cer\u00e1mica que permiten a la mujer a ser valorada desde su gusto interior .\n\n&nbsp;\n<h4><\/h4>\n<table>\n<tbody>\n<tr>\n<td width=\"189\">\n<h4 style=\"text-align: center;\">MADRILE\u00d1A<\/h4>\n<\/td>\n<td width=\"189\">\n<h4 style=\"text-align: center;\">CORDOBESA<\/h4>\n<\/td>\n<td width=\"189\">\n<h4 style=\"text-align: center;\">SEVILLANA<\/h4>\n<\/td>\n<\/tr>\n<tr>\n<td width=\"189\">\n<h4><script data-jetpack-boost=\"ignore\" async src=\"https:\/\/api.cappasity.com\/api\/player\/cappasity-ai\"><\/script><iframe width=\"100%\" height=\"300px\" frameborder=\"0\" allowfullscreen mozallowfullscreen=\"true\" webkitallowfullscreen=\"true\" style=\"border:0;\" src=\"https:\/\/api.cappasity.com\/api\/player\/e957f5dd-47fb-4e28-ab6a-716e87594f8f\/embedded?arbutton=0&#038;autorun=0&#038;closebutton=1&#038;logo=1&#038;analytics=1&#038;uipadx=0&#038;uipady=0&#038;enablestoreurl=0&#038;storeurl=&#038;hidehints=0&#038;language=&#038;autorotate=0&#038;autorotatetime=10&#038;autorotatedelay=2&#038;autorotatedir=1&#038;hidefullscreen=1&#038;hideautorotateopt=1&#038;hidesettingsbtn=0&#038;enableimagezoom=1&#038;zoomquality=1&#038;hidezoomopt=0\" ><\/iframe><\/h4>\n<\/td>\n<td width=\"189\">\n<h4><script data-jetpack-boost=\"ignore\" async src=\"https:\/\/api.cappasity.com\/api\/player\/cappasity-ai\"><\/script><iframe width=\"100%\" height=\"300px\" frameborder=\"0\" allowfullscreen mozallowfullscreen=\"true\" webkitallowfullscreen=\"true\" style=\"border:0;\" src=\"https:\/\/api.cappasity.com\/api\/player\/43f075f6-0134-4f87-b9ce-37b4af361c81\/embedded?arbutton=0&#038;autorun=0&#038;closebutton=1&#038;logo=1&#038;analytics=1&#038;uipadx=0&#038;uipady=0&#038;enablestoreurl=0&#038;storeurl=&#038;hidehints=0&#038;language=&#038;autorotate=0&#038;autorotatetime=10&#038;autorotatedelay=2&#038;autorotatedir=1&#038;hidefullscreen=1&#038;hideautorotateopt=1&#038;hidesettingsbtn=0&#038;enableimagezoom=1&#038;zoomquality=1&#038;hidezoomopt=0\" ><\/iframe><\/h4>\n<\/td>\n<td width=\"189\">\n<h4><script data-jetpack-boost=\"ignore\" async src=\"https:\/\/api.cappasity.com\/api\/player\/cappasity-ai\"><\/script><iframe width=\"100%\" height=\"300px\" frameborder=\"0\" allowfullscreen mozallowfullscreen=\"true\" webkitallowfullscreen=\"true\" style=\"border:0;\" src=\"https:\/\/api.cappasity.com\/api\/player\/0e4506bf-2d3b-4e11-8322-37e84323b641\/embedded?arbutton=0&#038;autorun=0&#038;closebutton=1&#038;logo=1&#038;analytics=1&#038;uipadx=0&#038;uipady=0&#038;enablestoreurl=0&#038;storeurl=&#038;hidehints=0&#038;language=&#038;autorotate=0&#038;autorotatetime=10&#038;autorotatedelay=2&#038;autorotatedir=1&#038;hidefullscreen=1&#038;hideautorotateopt=1&#038;hidesettingsbtn=0&#038;enableimagezoom=1&#038;zoomquality=1&#038;hidezoomopt=0\" ><\/iframe><\/h4>\n<\/td>\n<\/tr>\n<\/tbody>\n<\/table>\t\t\t\t\t\t\t\t<\/div>\n\t\t\t\t<\/div>\n\t\t\t\t\t<\/div>\n\t\t<\/div>\n\t\t\t\t\t<\/div>\n\t\t<\/section>\n\t\t\t\t<\/div>","protected":false},"excerpt":{"rendered":"<p>Tres mujeres espa\u00f1olas, cada uno representando a una regi\u00f3n de Espa\u00f1a, su belleza y el orgullo de pertenecer a una tierra feliz y soleada.<\/p>","protected":false},"featured_media":2811,"comment_status":"open","ping_status":"closed","template":"","meta":{"_monsterinsights_skip_tracking":false,"_monsterinsights_sitenote_active":false,"_monsterinsights_sitenote_note":"","_monsterinsights_sitenote_category":0,"site-sidebar-layout":"default","site-content-layout":"default","ast-site-content-layout":"default","site-content-style":"default","site-sidebar-style":"default","ast-global-header-display":"","ast-banner-title-visibility":"","ast-main-header-display":"","ast-hfb-above-header-display":"","ast-hfb-below-header-display":"","ast-hfb-mobile-header-display":"","site-post-title":"","ast-breadcrumbs-content":"","ast-featured-img":"","footer-sml-layout":"","ast-disable-related-posts":"","theme-transparent-header-meta":"default","adv-header-id-meta":"","stick-header-meta":"","header-above-stick-meta":"","header-main-stick-meta":"","header-below-stick-meta":"","astra-migrate-meta-layouts":"default","ast-page-background-enabled":"default","ast-page-background-meta":{"desktop":{"background-color":"","background-image":"","background-repeat":"repeat","background-position":"center center","background-size":"auto","background-attachment":"scroll","background-type":"","background-media":"","overlay-type":"","overlay-color":"","overlay-opacity":"","overlay-gradient":""},"tablet":{"background-color":"","background-image":"","background-repeat":"repeat","background-position":"center center","background-size":"auto","background-attachment":"scroll","background-type":"","background-media":"","overlay-type":"","overlay-color":"","overlay-opacity":"","overlay-gradient":""},"mobile":{"background-color":"","background-image":"","background-repeat":"repeat","background-position":"center center","background-size":"auto","background-attachment":"scroll","background-type":"","background-media":"","overlay-type":"","overlay-color":"","overlay-opacity":"","overlay-gradient":""}},"ast-content-background-meta":{"desktop":{"background-color":"var(--ast-global-color-5)","background-image":"","background-repeat":"repeat","background-position":"center center","background-size":"auto","background-attachment":"scroll","background-type":"","background-media":"","overlay-type":"","overlay-color":"","overlay-opacity":"","overlay-gradient":""},"tablet":{"background-color":"var(--ast-global-color-5)","background-image":"","background-repeat":"repeat","background-position":"center center","background-size":"auto","background-attachment":"scroll","background-type":"","background-media":"","overlay-type":"","overlay-color":"","overlay-opacity":"","overlay-gradient":""},"mobile":{"background-color":"var(--ast-global-color-5)","background-image":"","background-repeat":"repeat","background-position":"center center","background-size":"auto","background-attachment":"scroll","background-type":"","background-media":"","overlay-type":"","overlay-color":"","overlay-opacity":"","overlay-gradient":""}}},"product_brand":[],"product_cat":[44,45],"product_tag":[],"class_list":{"0":"post-2247","1":"product","2":"type-product","3":"status-publish","4":"has-post-thumbnail","6":"product_cat-artgallery","7":"product_cat-bellasxl","8":"desktop-align-center","9":"tablet-align-left","10":"mobile-align-left","12":"first","13":"instock","14":"sold-individually","15":"taxable","16":"shipping-taxable","17":"purchasable","18":"product-type-simple"},"aioseo_notices":[],"_links":{"self":[{"href":"https:\/\/chiefwitchofficer.com\/es\/wp-json\/wp\/v2\/product\/2247","targetHints":{"allow":["GET"]}}],"collection":[{"href":"https:\/\/chiefwitchofficer.com\/es\/wp-json\/wp\/v2\/product"}],"about":[{"href":"https:\/\/chiefwitchofficer.com\/es\/wp-json\/wp\/v2\/types\/product"}],"replies":[{"embeddable":true,"href":"https:\/\/chiefwitchofficer.com\/es\/wp-json\/wp\/v2\/comments?post=2247"}],"version-history":[{"count":0,"href":"https:\/\/chiefwitchofficer.com\/es\/wp-json\/wp\/v2\/product\/2247\/revisions"}],"wp:featuredmedia":[{"embeddable":true,"href":"https:\/\/chiefwitchofficer.com\/es\/wp-json\/wp\/v2\/media\/2811"}],"wp:attachment":[{"href":"https:\/\/chiefwitchofficer.com\/es\/wp-json\/wp\/v2\/media?parent=2247"}],"wp:term":[{"taxonomy":"product_brand","embeddable":true,"href":"https:\/\/chiefwitchofficer.com\/es\/wp-json\/wp\/v2\/product_brand?post=2247"},{"taxonomy":"product_cat","embeddable":true,"href":"https:\/\/chiefwitchofficer.com\/es\/wp-json\/wp\/v2\/product_cat?post=2247"},{"taxonomy":"product_tag","embeddable":true,"href":"https:\/\/chiefwitchofficer.com\/es\/wp-json\/wp\/v2\/product_tag?post=2247"}],"curies":[{"name":"wp","href":"https:\/\/api.w.org\/{rel}","templated":true}]}}