{"id":2026,"date":"2022-12-08T09:54:42","date_gmt":"2022-12-08T09:54:42","guid":{"rendered":"https:\/\/chiefwitchofficer.com\/?post_type=product&#038;p=2026"},"modified":"2023-02-05T16:49:34","modified_gmt":"2023-02-05T16:49:34","slug":"bellas-hockey","status":"publish","type":"product","link":"https:\/\/chiefwitchofficer.com\/es\/producto\/bellas-hockey\/","title":{"rendered":"Bellas Hockey"},"content":{"rendered":"<div data-elementor-type=\"wp-post\" data-elementor-id=\"2026\" class=\"elementor elementor-2026\">\n\t\t\t\t\t\t<section class=\"elementor-section elementor-top-section elementor-element elementor-element-34f423ec elementor-section-boxed elementor-section-height-default elementor-section-height-default\" data-id=\"34f423ec\" data-element_type=\"section\" data-e-type=\"section\">\n\t\t\t\t\t\t<div class=\"elementor-container elementor-column-gap-default\">\n\t\t\t\t\t<div class=\"elementor-column elementor-col-100 elementor-top-column elementor-element elementor-element-33e396fd\" data-id=\"33e396fd\" data-element_type=\"column\" data-e-type=\"column\">\n\t\t\t<div class=\"elementor-widget-wrap elementor-element-populated\">\n\t\t\t\t\t\t<div class=\"elementor-element elementor-element-c0b04ad elementor-widget elementor-widget-heading\" data-id=\"c0b04ad\" data-element_type=\"widget\" data-e-type=\"widget\" data-widget_type=\"heading.default\">\n\t\t\t\t<div class=\"elementor-widget-container\">\n\t\t\t\t\t<h2 class=\"elementor-heading-title elementor-size-default\">Bellas Hockey<\/h2>\t\t\t\t<\/div>\n\t\t\t\t<\/div>\n\t\t\t\t<div class=\"elementor-element elementor-element-36cf4984 elementor-widget elementor-widget-text-editor\" data-id=\"36cf4984\" data-element_type=\"widget\" data-e-type=\"widget\" data-widget_type=\"text-editor.default\">\n\t\t\t\t<div class=\"elementor-widget-container\">\n\t\t\t\t\t\t\t\t\tMujeres deportistas que siguen luchando por demostrar sus capacidades a la sociedad. Mujeres reales que han triunfado en su carrera deportiva:\n<ul>\n \t<li>Masa, jugadora de Hockey sobre Hierba, gan\u00f3 una medalla de oro en Barcelona 92 y ha liderado el desarrollo de de este deporte en Madrid.<\/li>\n \t<li>Angela: \u00c1rbitro Internacional de hockey. Ha pitado en tres Juegos Ol\u00edmpicos: Mosc\u00fa 80, Atlanta 96 y Sydney 2000. Ha arbitrado partidos masculinos de una manera natural.<\/li>\n<\/ul>\nLa mujer que puede llegar a todo.\n\nBELLAS XL son botellas de cer\u00e1mica  que permiten a la mujer a ser valorada desde su gusto interior.\n<h4><\/h4>\n<table>\n<tbody>\n<tr>\n<td width=\"189\">\n<h4 style=\"text-align: center;\">ANGELA<\/h4>\n<\/td>\n<td width=\"189\">\n<h4 style=\"text-align: center;\">MASA<\/h4>\n<\/td>\n<\/tr>\n<tr>\n<td width=\"189\">\n<h4><script data-jetpack-boost=\"ignore\" async=\"\" src=\"https:\/\/api.cappasity.com\/api\/player\/cappasity-ai\"><\/script><iframe style=\"border: 0;\" src=\"https:\/\/api.cappasity.com\/api\/player\/da45c901-f869-4aef-952d-c2de1284e848\/embedded?arbutton=0&amp;autorun=0&amp;closebutton=1&amp;logo=1&amp;analytics=1&amp;uipadx=0&amp;uipady=0&amp;enablestoreurl=0&amp;storeurl=&amp;hidehints=0&amp;language=&amp;autorotate=0&amp;autorotatetime=10&amp;autorotatedelay=2&amp;autorotatedir=1&amp;hidefullscreen=1&amp;hideautorotateopt=1&amp;hidesettingsbtn=0&amp;enableimagezoom=1&amp;zoomquality=1&amp;hidezoomopt=0\" width=\"100%\" height=\"300px\" frameborder=\"0\" allowfullscreen=\"allowfullscreen\"><\/iframe><\/h4>\n<\/td>\n\n<td width=\"189\">\n<h4><script data-jetpack-boost=\"ignore\" async src=\"https:\/\/api.cappasity.com\/api\/player\/cappasity-ai\"><\/script><iframe width=\"100%\" height=\"300px\" frameborder=\"0\" allowfullscreen mozallowfullscreen=\"true\" webkitallowfullscreen=\"true\" style=\"border:0;\" src=\"https:\/\/api.cappasity.com\/api\/player\/b6a879be-f371-492c-9201-e667f38f5147\/embedded?arbutton=0&#038;autorun=0&#038;closebutton=1&#038;logo=1&#038;analytics=1&#038;uipadx=0&#038;uipady=0&#038;enablestoreurl=0&#038;storeurl=&#038;hidehints=0&#038;language=&#038;autorotate=0&#038;autorotatetime=10&#038;autorotatedelay=2&#038;autorotatedir=1&#038;hidefullscreen=1&#038;hideautorotateopt=1&#038;hidesettingsbtn=0&#038;enableimagezoom=1&#038;zoomquality=1&#038;hidezoomopt=0\" ><\/iframe><\/h4>\n<\/td>\n<\/tr>\n<\/tbody>\n<\/table>\t\t\t\t\t\t\t\t<\/div>\n\t\t\t\t<\/div>\n\t\t\t\t\t<\/div>\n\t\t<\/div>\n\t\t\t\t\t<\/div>\n\t\t<\/section>\n\t\t\t\t<\/div>","protected":false},"excerpt":{"rendered":"<p>Bellas deportistas son mujeres reales representado por una Bella<\/p>","protected":false},"featured_media":2852,"comment_status":"open","ping_status":"closed","template":"","meta":{"_monsterinsights_skip_tracking":false,"_monsterinsights_sitenote_active":false,"_monsterinsights_sitenote_note":"","_monsterinsights_sitenote_category":0,"site-sidebar-layout":"default","site-content-layout":"default","ast-site-content-layout":"default","site-content-style":"default","site-sidebar-style":"default","ast-global-header-display":"","ast-banner-title-visibility":"","ast-main-header-display":"","ast-hfb-above-header-display":"","ast-hfb-below-header-display":"","ast-hfb-mobile-header-display":"","site-post-title":"","ast-breadcrumbs-content":"","ast-featured-img":"","footer-sml-layout":"","ast-disable-related-posts":"","theme-transparent-header-meta":"default","adv-header-id-meta":"","stick-header-meta":"","header-above-stick-meta":"","header-main-stick-meta":"","header-below-stick-meta":"","astra-migrate-meta-layouts":"default","ast-page-background-enabled":"default","ast-page-background-meta":{"desktop":{"background-color":"","background-image":"","background-repeat":"repeat","background-position":"center center","background-size":"auto","background-attachment":"scroll","background-type":"","background-media":"","overlay-type":"","overlay-color":"","overlay-opacity":"","overlay-gradient":""},"tablet":{"background-color":"","background-image":"","background-repeat":"repeat","background-position":"center center","background-size":"auto","background-attachment":"scroll","background-type":"","background-media":"","overlay-type":"","overlay-color":"","overlay-opacity":"","overlay-gradient":""},"mobile":{"background-color":"","background-image":"","background-repeat":"repeat","background-position":"center center","background-size":"auto","background-attachment":"scroll","background-type":"","background-media":"","overlay-type":"","overlay-color":"","overlay-opacity":"","overlay-gradient":""}},"ast-content-background-meta":{"desktop":{"background-color":"var(--ast-global-color-5)","background-image":"","background-repeat":"repeat","background-position":"center center","background-size":"auto","background-attachment":"scroll","background-type":"","background-media":"","overlay-type":"","overlay-color":"","overlay-opacity":"","overlay-gradient":""},"tablet":{"background-color":"var(--ast-global-color-5)","background-image":"","background-repeat":"repeat","background-position":"center center","background-size":"auto","background-attachment":"scroll","background-type":"","background-media":"","overlay-type":"","overlay-color":"","overlay-opacity":"","overlay-gradient":""},"mobile":{"background-color":"var(--ast-global-color-5)","background-image":"","background-repeat":"repeat","background-position":"center center","background-size":"auto","background-attachment":"scroll","background-type":"","background-media":"","overlay-type":"","overlay-color":"","overlay-opacity":"","overlay-gradient":""}}},"product_brand":[],"product_cat":[44,45],"product_tag":[],"class_list":{"0":"post-2026","1":"product","2":"type-product","3":"status-publish","4":"has-post-thumbnail","6":"product_cat-artgallery","7":"product_cat-bellasxl","8":"desktop-align-center","9":"tablet-align-left","10":"mobile-align-left","12":"first","13":"outofstock","14":"sold-individually","15":"taxable","16":"shipping-taxable","17":"purchasable","18":"product-type-simple"},"aioseo_notices":[],"_links":{"self":[{"href":"https:\/\/chiefwitchofficer.com\/es\/wp-json\/wp\/v2\/product\/2026","targetHints":{"allow":["GET"]}}],"collection":[{"href":"https:\/\/chiefwitchofficer.com\/es\/wp-json\/wp\/v2\/product"}],"about":[{"href":"https:\/\/chiefwitchofficer.com\/es\/wp-json\/wp\/v2\/types\/product"}],"replies":[{"embeddable":true,"href":"https:\/\/chiefwitchofficer.com\/es\/wp-json\/wp\/v2\/comments?post=2026"}],"version-history":[{"count":0,"href":"https:\/\/chiefwitchofficer.com\/es\/wp-json\/wp\/v2\/product\/2026\/revisions"}],"wp:featuredmedia":[{"embeddable":true,"href":"https:\/\/chiefwitchofficer.com\/es\/wp-json\/wp\/v2\/media\/2852"}],"wp:attachment":[{"href":"https:\/\/chiefwitchofficer.com\/es\/wp-json\/wp\/v2\/media?parent=2026"}],"wp:term":[{"taxonomy":"product_brand","embeddable":true,"href":"https:\/\/chiefwitchofficer.com\/es\/wp-json\/wp\/v2\/product_brand?post=2026"},{"taxonomy":"product_cat","embeddable":true,"href":"https:\/\/chiefwitchofficer.com\/es\/wp-json\/wp\/v2\/product_cat?post=2026"},{"taxonomy":"product_tag","embeddable":true,"href":"https:\/\/chiefwitchofficer.com\/es\/wp-json\/wp\/v2\/product_tag?post=2026"}],"curies":[{"name":"wp","href":"https:\/\/api.w.org\/{rel}","templated":true}]}}