{"id":1987,"date":"2022-12-07T19:14:21","date_gmt":"2022-12-07T19:14:21","guid":{"rendered":"https:\/\/chiefwitchofficer.com\/?post_type=product&#038;p=1987"},"modified":"2025-05-14T13:45:07","modified_gmt":"2025-05-14T11:45:07","slug":"healthy-bellas","status":"publish","type":"product","link":"https:\/\/chiefwitchofficer.com\/es\/producto\/healthy-bellas\/","title":{"rendered":"Bellas sanas"},"content":{"rendered":"<div data-elementor-type=\"wp-post\" data-elementor-id=\"1987\" class=\"elementor elementor-1987\">\n\t\t\t\t\t\t<section class=\"elementor-section elementor-top-section elementor-element elementor-element-34f423ec elementor-section-boxed elementor-section-height-default elementor-section-height-default\" data-id=\"34f423ec\" data-element_type=\"section\" data-e-type=\"section\">\n\t\t\t\t\t\t<div class=\"elementor-container elementor-column-gap-default\">\n\t\t\t\t\t<div class=\"elementor-column elementor-col-100 elementor-top-column elementor-element elementor-element-33e396fd\" data-id=\"33e396fd\" data-element_type=\"column\" data-e-type=\"column\">\n\t\t\t<div class=\"elementor-widget-wrap elementor-element-populated\">\n\t\t\t\t\t\t<div class=\"elementor-element elementor-element-c0b04ad elementor-widget elementor-widget-heading\" data-id=\"c0b04ad\" data-element_type=\"widget\" data-e-type=\"widget\" data-widget_type=\"heading.default\">\n\t\t\t\t<div class=\"elementor-widget-container\">\n\t\t\t\t\t<h2 class=\"elementor-heading-title elementor-size-default\">Bellas sanas<\/h2>\t\t\t\t<\/div>\n\t\t\t\t<\/div>\n\t\t\t\t<div class=\"elementor-element elementor-element-36cf4984 elementor-widget elementor-widget-text-editor\" data-id=\"36cf4984\" data-element_type=\"widget\" data-e-type=\"widget\" data-widget_type=\"text-editor.default\">\n\t\t\t\t<div class=\"elementor-widget-container\">\n\t\t\t\t\t\t\t\t\t<p>Tres posturas de yoga que inspiran el mimo y la vida sana.<br \/>Esta obra se compone de tres piezas que buscan inspirar los beneficios de una vida saludable. Reconociendo las dificultades de un  cuerpo XL , nuestras Bellas muestran la y simpat\u00eda de  compartir esfuerzos y tener \u00e9xito en alcanzar los desaf\u00edos de salud.<br \/>Cuerpo y salud, un equilibrio digno de ser alcanzado por cada mujer.<br \/>BELLAS XL son  botellas de cer\u00e1mica que nos permiten valorar a la mujer por su gusto interior.<\/p><h4>\u00a0<\/h4><table><tbody><tr><td width=\"189\"><h4 style=\"text-align: center;\">SUKHASANA<\/h4><\/td><td width=\"189\"><h4 style=\"text-align: center;\">VIRABHADRA<\/h4><\/td><td width=\"189\"><h4 style=\"text-align: center;\">SVANASANA<\/h4><\/td><\/tr><tr><td width=\"189\"><h4><iframe style=\"border: 0;\" src=\"https:\/\/api.cappasity.com\/api\/player\/2f889aa0-a38e-499d-a5d1-b4ea473a02c8\/embedded?arbutton=0&amp;autorun=0&amp;closebutton=1&amp;logo=1&amp;analytics=1&amp;uipadx=0&amp;uipady=0&amp;enablestoreurl=0&amp;storeurl=&amp;hidehints=0&amp;language=&amp;autorotate=0&amp;autorotatetime=10&amp;autorotatedelay=2&amp;autorotatedir=1&amp;hidefullscreen=1&amp;hideautorotateopt=1&amp;hidesettingsbtn=0&amp;enableimagezoom=1&amp;zoomquality=1&amp;hidezoomopt=0\" width=\"100%\" height=\"300px\" frameborder=\"0\" allowfullscreen=\"allowfullscreen\" data-mce-fragment=\"1\"><\/iframe><\/h4><\/td><td width=\"189\"><h4><iframe style=\"border: 0;\" src=\"https:\/\/api.cappasity.com\/api\/player\/9e40e3cb-0761-47e1-987b-48f9c36f1f0a\/embedded?arbutton=0&amp;autorun=0&amp;closebutton=1&amp;logo=1&amp;analytics=1&amp;uipadx=0&amp;uipady=0&amp;enablestoreurl=0&amp;storeurl=&amp;hidehints=0&amp;language=&amp;autorotate=0&amp;autorotatetime=10&amp;autorotatedelay=2&amp;autorotatedir=1&amp;hidefullscreen=1&amp;hideautorotateopt=1&amp;hidesettingsbtn=0&amp;enableimagezoom=1&amp;zoomquality=1&amp;hidezoomopt=0\" width=\"100%\" height=\"300px\" frameborder=\"0\" allowfullscreen=\"allowfullscreen\" data-mce-fragment=\"1\"><\/iframe><\/h4><\/td><td width=\"189\"><h4><iframe style=\"border: 0;\" src=\"https:\/\/api.cappasity.com\/api\/player\/ff855831-58a8-4619-8554-cdd758f76d1b\/embedded?arbutton=0&amp;autorun=0&amp;closebutton=1&amp;logo=1&amp;analytics=1&amp;uipadx=0&amp;uipady=0&amp;enablestoreurl=0&amp;storeurl=&amp;hidehints=0&amp;language=&amp;autorotate=0&amp;autorotatetime=10&amp;autorotatedelay=2&amp;autorotatedir=1&amp;hidefullscreen=1&amp;hideautorotateopt=1&amp;hidesettingsbtn=0&amp;enableimagezoom=1&amp;zoomquality=1&amp;hidezoomopt=0\" width=\"100%\" height=\"300px\" frameborder=\"0\" allowfullscreen=\"allowfullscreen\" data-mce-fragment=\"1\"><span data-mce-type=\"bookmark\" style=\"display: inline-block; width: 0px; overflow: hidden; line-height: 0;\" class=\"mce_SELRES_start\"><\/span><\/iframe><\/h4><\/td><\/tr><\/tbody><\/table>\t\t\t\t\t\t\t\t<\/div>\n\t\t\t\t<\/div>\n\t\t\t\t\t<\/div>\n\t\t<\/div>\n\t\t\t\t\t<\/div>\n\t\t<\/section>\n\t\t\t\t<\/div>","protected":false},"excerpt":{"rendered":"<p>Tres posturas de yoga que inspiran el mimo y la vida sana<\/p>","protected":false},"featured_media":2851,"comment_status":"open","ping_status":"closed","template":"","meta":{"_monsterinsights_skip_tracking":false,"_monsterinsights_sitenote_active":false,"_monsterinsights_sitenote_note":"","_monsterinsights_sitenote_category":0,"site-sidebar-layout":"default","site-content-layout":"default","ast-site-content-layout":"default","site-content-style":"default","site-sidebar-style":"default","ast-global-header-display":"","ast-banner-title-visibility":"","ast-main-header-display":"","ast-hfb-above-header-display":"","ast-hfb-below-header-display":"","ast-hfb-mobile-header-display":"","site-post-title":"","ast-breadcrumbs-content":"","ast-featured-img":"","footer-sml-layout":"","ast-disable-related-posts":"","theme-transparent-header-meta":"default","adv-header-id-meta":"","stick-header-meta":"","header-above-stick-meta":"","header-main-stick-meta":"","header-below-stick-meta":"","astra-migrate-meta-layouts":"default","ast-page-background-enabled":"default","ast-page-background-meta":{"desktop":{"background-color":"","background-image":"","background-repeat":"repeat","background-position":"center center","background-size":"auto","background-attachment":"scroll","background-type":"","background-media":"","overlay-type":"","overlay-color":"","overlay-opacity":"","overlay-gradient":""},"tablet":{"background-color":"","background-image":"","background-repeat":"repeat","background-position":"center center","background-size":"auto","background-attachment":"scroll","background-type":"","background-media":"","overlay-type":"","overlay-color":"","overlay-opacity":"","overlay-gradient":""},"mobile":{"background-color":"","background-image":"","background-repeat":"repeat","background-position":"center center","background-size":"auto","background-attachment":"scroll","background-type":"","background-media":"","overlay-type":"","overlay-color":"","overlay-opacity":"","overlay-gradient":""}},"ast-content-background-meta":{"desktop":{"background-color":"var(--ast-global-color-5)","background-image":"","background-repeat":"repeat","background-position":"center center","background-size":"auto","background-attachment":"scroll","background-type":"","background-media":"","overlay-type":"","overlay-color":"","overlay-opacity":"","overlay-gradient":""},"tablet":{"background-color":"var(--ast-global-color-5)","background-image":"","background-repeat":"repeat","background-position":"center center","background-size":"auto","background-attachment":"scroll","background-type":"","background-media":"","overlay-type":"","overlay-color":"","overlay-opacity":"","overlay-gradient":""},"mobile":{"background-color":"var(--ast-global-color-5)","background-image":"","background-repeat":"repeat","background-position":"center center","background-size":"auto","background-attachment":"scroll","background-type":"","background-media":"","overlay-type":"","overlay-color":"","overlay-opacity":"","overlay-gradient":""}}},"product_brand":[],"product_cat":[44,45],"product_tag":[],"class_list":{"0":"post-1987","1":"product","2":"type-product","3":"status-publish","4":"has-post-thumbnail","6":"product_cat-artgallery","7":"product_cat-bellasxl","8":"desktop-align-center","9":"tablet-align-left","10":"mobile-align-left","12":"first","13":"instock","14":"sold-individually","15":"taxable","16":"shipping-taxable","17":"purchasable","18":"product-type-simple"},"aioseo_notices":[],"_links":{"self":[{"href":"https:\/\/chiefwitchofficer.com\/es\/wp-json\/wp\/v2\/product\/1987","targetHints":{"allow":["GET"]}}],"collection":[{"href":"https:\/\/chiefwitchofficer.com\/es\/wp-json\/wp\/v2\/product"}],"about":[{"href":"https:\/\/chiefwitchofficer.com\/es\/wp-json\/wp\/v2\/types\/product"}],"replies":[{"embeddable":true,"href":"https:\/\/chiefwitchofficer.com\/es\/wp-json\/wp\/v2\/comments?post=1987"}],"version-history":[{"count":1,"href":"https:\/\/chiefwitchofficer.com\/es\/wp-json\/wp\/v2\/product\/1987\/revisions"}],"predecessor-version":[{"id":4346,"href":"https:\/\/chiefwitchofficer.com\/es\/wp-json\/wp\/v2\/product\/1987\/revisions\/4346"}],"wp:featuredmedia":[{"embeddable":true,"href":"https:\/\/chiefwitchofficer.com\/es\/wp-json\/wp\/v2\/media\/2851"}],"wp:attachment":[{"href":"https:\/\/chiefwitchofficer.com\/es\/wp-json\/wp\/v2\/media?parent=1987"}],"wp:term":[{"taxonomy":"product_brand","embeddable":true,"href":"https:\/\/chiefwitchofficer.com\/es\/wp-json\/wp\/v2\/product_brand?post=1987"},{"taxonomy":"product_cat","embeddable":true,"href":"https:\/\/chiefwitchofficer.com\/es\/wp-json\/wp\/v2\/product_cat?post=1987"},{"taxonomy":"product_tag","embeddable":true,"href":"https:\/\/chiefwitchofficer.com\/es\/wp-json\/wp\/v2\/product_tag?post=1987"}],"curies":[{"name":"wp","href":"https:\/\/api.w.org\/{rel}","templated":true}]}}