{"id":3439,"date":"2023-03-21T15:08:52","date_gmt":"2023-03-21T15:08:52","guid":{"rendered":"https:\/\/chiefwitchofficer.com\/?page_id=3439"},"modified":"2023-03-21T16:35:30","modified_gmt":"2023-03-21T16:35:30","slug":"talleres-de-liderazgo-creativo-con-barro","status":"publish","type":"page","link":"https:\/\/chiefwitchofficer.com\/es\/talleres-de-liderazgo-creativo-con-barro\/","title":{"rendered":"Talleres de Liderazgo Creativo con barro"},"content":{"rendered":"\t\t<div data-elementor-type=\"wp-page\" data-elementor-id=\"3439\" class=\"elementor elementor-3439\">\n\t\t\t\t\t\t<section class=\"elementor-section elementor-top-section elementor-element elementor-element-65040b3 elementor-section-boxed elementor-section-height-default elementor-section-height-default\" data-id=\"65040b3\" data-element_type=\"section\" data-e-type=\"section\">\n\t\t\t\t\t\t<div class=\"elementor-container elementor-column-gap-default\">\n\t\t\t\t\t<div class=\"elementor-column elementor-col-100 elementor-top-column elementor-element elementor-element-b464858\" data-id=\"b464858\" data-element_type=\"column\" data-e-type=\"column\">\n\t\t\t<div class=\"elementor-widget-wrap elementor-element-populated\">\n\t\t\t\t\t\t<div class=\"elementor-element elementor-element-f40cb7e elementor-widget elementor-widget-heading\" data-id=\"f40cb7e\" data-element_type=\"widget\" data-e-type=\"widget\" data-widget_type=\"heading.default\">\n\t\t\t\t<div class=\"elementor-widget-container\">\n\t\t\t\t\t<h1 class=\"elementor-heading-title elementor-size-default\">PROGRAMA DE LIDERAZGO CREATIVO: <\/h1>\t\t\t\t<\/div>\n\t\t\t\t<\/div>\n\t\t\t\t<div class=\"elementor-element elementor-element-3921037 elementor-widget elementor-widget-heading\" data-id=\"3921037\" data-element_type=\"widget\" data-e-type=\"widget\" data-widget_type=\"heading.default\">\n\t\t\t\t<div class=\"elementor-widget-container\">\n\t\t\t\t\t<h2 class=\"elementor-heading-title elementor-size-default\">Explorando tu liderazgo Creativo a trav\u00e9s del barro<\/h2>\t\t\t\t<\/div>\n\t\t\t\t<\/div>\n\t\t\t\t<div class=\"elementor-element elementor-element-affa26c elementor-widget elementor-widget-text-editor\" data-id=\"affa26c\" data-element_type=\"widget\" data-e-type=\"widget\" data-widget_type=\"text-editor.default\">\n\t\t\t\t<div class=\"elementor-widget-container\">\n\t\t\t\t\t\t\t\t\t<p>Hola \ud83d\udc4b\ud83c\udffc \u00a1Bienvenido al interesante mundo del liderazgo creativo a trav\u00e9s del barro!<\/p><p>Este programa te llevar\u00e1 en un viaje \u00fanico para explorar tus habilidades de liderazgo y creatividad en un entorno que te desafiar\u00e1 a pensar fuera de tu entorno y con las manos en el barro.<\/p><p>A lo largo de sus m\u00f3dulos, aprender\u00e1s t\u00e9cnicas innovadoras para liderar y colaborar mientras trabajas con tus manos y creas piezas reales de cer\u00e1mica. El proceso de trabajar con el barro no solo te ayudar\u00e1 a desarrollar tus habilidades art\u00edsticas, sino que tambi\u00e9n te ense\u00f1ar\u00e1 a ser m\u00e1s consciente de tus pensamientos y emociones a medida que te enfrentas a desaf\u00edos y te esfuerzas por superarlos.<\/p><p>Nuestros expertos facilitadores te guiar\u00e1n a trav\u00e9s de actividades pr\u00e1cticas y reflexiones para ayudarte a descubrir tu potencial de liderazgo y creatividad. Descubrir\u00e1s c\u00f3mo la comunicaci\u00f3n efectiva, la gesti\u00f3n del tiempo y la toma de decisiones son habilidades cruciales para liderar y crear, tanto en el mundo del arte como en cualquier otro entorno.<\/p><p>Al final del curso, tendr\u00e1s una mayor confianza en tus habilidades de liderazgo y creatividad, as\u00ed como una hermosa pieza de arte para llevar a casa como recordatorio de todo lo que has aprendido y experimentado.\u00a0<\/p><p>\u00a1No pierdas la oportunidad de explorar tu potencial y crecer como l\u00edder creativo a trav\u00e9s del barro! \ud83d\udc4b\ud83c\udffc<\/p>\t\t\t\t\t\t\t\t<\/div>\n\t\t\t\t<\/div>\n\t\t\t\t\t<\/div>\n\t\t<\/div>\n\t\t\t\t\t<\/div>\n\t\t<\/section>\n\t\t\t\t<section class=\"elementor-section elementor-top-section elementor-element elementor-element-a25a7a0 elementor-section-boxed elementor-section-height-default elementor-section-height-default\" data-id=\"a25a7a0\" data-element_type=\"section\" data-e-type=\"section\">\n\t\t\t\t\t\t<div class=\"elementor-container elementor-column-gap-default\">\n\t\t\t\t\t<div class=\"elementor-column elementor-col-33 elementor-top-column elementor-element elementor-element-a960d6a\" data-id=\"a960d6a\" data-element_type=\"column\" data-e-type=\"column\">\n\t\t\t<div class=\"elementor-widget-wrap elementor-element-populated\">\n\t\t\t\t\t\t<div class=\"elementor-element elementor-element-01359c9 elementor-position-top elementor-widget elementor-widget-image-box\" data-id=\"01359c9\" data-element_type=\"widget\" data-e-type=\"widget\" data-widget_type=\"image-box.default\">\n\t\t\t\t<div class=\"elementor-widget-container\">\n\t\t\t\t\t<div class=\"elementor-image-box-wrapper\"><figure class=\"elementor-image-box-img\"><img decoding=\"async\" width=\"96\" height=\"96\" src=\"https:\/\/i0.wp.com\/chiefwitchofficer.com\/wp-content\/uploads\/2023\/03\/PRESENCIAL-e1679412793760.png?resize=96%2C96&amp;ssl=1\" class=\"attachment-thumbnail size-thumbnail wp-image-3443\" alt=\"\" srcset=\"https:\/\/i0.wp.com\/chiefwitchofficer.com\/wp-content\/uploads\/2023\/03\/PRESENCIAL-e1679412793760.png?w=300&amp;ssl=1 300w, https:\/\/i0.wp.com\/chiefwitchofficer.com\/wp-content\/uploads\/2023\/03\/PRESENCIAL-e1679412793760.png?resize=12%2C12&amp;ssl=1 12w, https:\/\/i0.wp.com\/chiefwitchofficer.com\/wp-content\/uploads\/2023\/03\/PRESENCIAL-e1679412793760.png?resize=200%2C200&amp;ssl=1 200w, https:\/\/i0.wp.com\/chiefwitchofficer.com\/wp-content\/uploads\/2023\/03\/PRESENCIAL-e1679412793760.png?resize=100%2C100&amp;ssl=1 100w\" sizes=\"(max-width: 96px) 100vw, 96px\" \/><\/figure><div class=\"elementor-image-box-content\"><h3 class=\"elementor-image-box-title\">Taller presencial<\/h3><p class=\"elementor-image-box-description\">Las sesiones se realizan presencialmente, trabajar\u00e1s en lugar perfecto para hacer cer\u00e1mica. Dispondr\u00e1s de  todas las herramientas y materiales necesarios para crear piezas, y en el proceso, descubrir tus habilidades de liderazgo y creatividad.\nAdem\u00e1s, contar\u00e1s con la asistencia y gu\u00eda de nuestros expertos facilitadores, cualificados el arte del coaching y en el de la cer\u00e1mica.<\/p><\/div><\/div>\t\t\t\t<\/div>\n\t\t\t\t<\/div>\n\t\t\t\t\t<\/div>\n\t\t<\/div>\n\t\t\t\t<div class=\"elementor-column elementor-col-33 elementor-top-column elementor-element elementor-element-efde523\" data-id=\"efde523\" data-element_type=\"column\" data-e-type=\"column\">\n\t\t\t<div class=\"elementor-widget-wrap elementor-element-populated\">\n\t\t\t\t\t\t<div class=\"elementor-element elementor-element-a4833e7 elementor-position-top elementor-widget elementor-widget-image-box\" data-id=\"a4833e7\" data-element_type=\"widget\" data-e-type=\"widget\" data-widget_type=\"image-box.default\">\n\t\t\t\t<div class=\"elementor-widget-container\">\n\t\t\t\t\t<div class=\"elementor-image-box-wrapper\"><figure class=\"elementor-image-box-img\"><img decoding=\"async\" width=\"96\" height=\"96\" src=\"https:\/\/i0.wp.com\/chiefwitchofficer.com\/wp-content\/uploads\/2023\/03\/CERAMICS4U-e1679331035443.png?resize=96%2C96&amp;ssl=1\" class=\"attachment-thumbnail size-thumbnail wp-image-3311\" alt=\"\" srcset=\"https:\/\/i0.wp.com\/chiefwitchofficer.com\/wp-content\/uploads\/2023\/03\/CERAMICS4U-e1679331035443.png?w=300&amp;ssl=1 300w, https:\/\/i0.wp.com\/chiefwitchofficer.com\/wp-content\/uploads\/2023\/03\/CERAMICS4U-e1679331035443.png?resize=12%2C12&amp;ssl=1 12w, https:\/\/i0.wp.com\/chiefwitchofficer.com\/wp-content\/uploads\/2023\/03\/CERAMICS4U-e1679331035443.png?resize=200%2C200&amp;ssl=1 200w, https:\/\/i0.wp.com\/chiefwitchofficer.com\/wp-content\/uploads\/2023\/03\/CERAMICS4U-e1679331035443.png?resize=100%2C100&amp;ssl=1 100w\" sizes=\"(max-width: 96px) 100vw, 96px\" \/><\/figure><div class=\"elementor-image-box-content\"><h3 class=\"elementor-image-box-title\">Piezas de cer\u00e1mica<\/h3><p class=\"elementor-image-box-description\">La pieza de cer\u00e1mica que crear\u00e1s en este taller ser\u00e1 mucho m\u00e1s que un simple objeto decorativo. Ser\u00e1 una prueba tangible de tu proceso creativo y una muestra de tus habilidades en la creaci\u00f3n de algo hermoso y \u00fatil para tu vida diaria. Te sentir\u00e1s orgulloso de utilizar tu pieza de cer\u00e1mica en casa o en el trabajo, sabiendo que fue creada por ti mismo y que representa tu propio talento y creatividad.<\/p><\/div><\/div>\t\t\t\t<\/div>\n\t\t\t\t<\/div>\n\t\t\t\t\t<\/div>\n\t\t<\/div>\n\t\t\t\t<div class=\"elementor-column elementor-col-33 elementor-top-column elementor-element elementor-element-0516156\" data-id=\"0516156\" data-element_type=\"column\" data-e-type=\"column\">\n\t\t\t<div class=\"elementor-widget-wrap elementor-element-populated\">\n\t\t\t\t\t\t<div class=\"elementor-element elementor-element-330f9da elementor-position-top elementor-widget elementor-widget-image-box\" data-id=\"330f9da\" data-element_type=\"widget\" data-e-type=\"widget\" data-widget_type=\"image-box.default\">\n\t\t\t\t<div class=\"elementor-widget-container\">\n\t\t\t\t\t<div class=\"elementor-image-box-wrapper\"><figure class=\"elementor-image-box-img\"><img decoding=\"async\" width=\"95\" height=\"96\" src=\"https:\/\/i0.wp.com\/chiefwitchofficer.com\/wp-content\/uploads\/2023\/03\/CREATIVE-LEADER-e1679310174865.png?resize=95%2C96&amp;ssl=1\" class=\"attachment-thumbnail size-thumbnail wp-image-3305\" alt=\"ICON CREATIVE LEADER\" srcset=\"https:\/\/i0.wp.com\/chiefwitchofficer.com\/wp-content\/uploads\/2023\/03\/CREATIVE-LEADER-e1679310174865.png?w=298&amp;ssl=1 298w, https:\/\/i0.wp.com\/chiefwitchofficer.com\/wp-content\/uploads\/2023\/03\/CREATIVE-LEADER-e1679310174865.png?resize=12%2C12&amp;ssl=1 12w, https:\/\/i0.wp.com\/chiefwitchofficer.com\/wp-content\/uploads\/2023\/03\/CREATIVE-LEADER-e1679310174865.png?resize=200%2C200&amp;ssl=1 200w, https:\/\/i0.wp.com\/chiefwitchofficer.com\/wp-content\/uploads\/2023\/03\/CREATIVE-LEADER-e1679310174865.png?resize=100%2C100&amp;ssl=1 100w\" sizes=\"(max-width: 95px) 100vw, 95px\" \/><\/figure><div class=\"elementor-image-box-content\"><h3 class=\"elementor-image-box-title\">Habilidades de liderazgo<\/h3><p class=\"elementor-image-box-description\">Adem\u00e1s de aprender sobre la cer\u00e1mica y la creatividad, este taller tambi\u00e9n te brindar\u00e1 una formaci\u00f3n valiosa en habilidades de liderazgo. A medida que trabajas en tu pieza de cer\u00e1mica, tambi\u00e9n estar\u00e1s desarrollando habilidades de gesti\u00f3n del tiempo, comunicaci\u00f3n efectiva y toma de decisiones. Estas habilidades son esenciales para tener \u00e9xito en la econom\u00eda digital y en cualquier \u00e1mbito profesional.<\/p><\/div><\/div>\t\t\t\t<\/div>\n\t\t\t\t<\/div>\n\t\t\t\t\t<\/div>\n\t\t<\/div>\n\t\t\t\t\t<\/div>\n\t\t<\/section>\n\t\t\t\t<section class=\"elementor-section elementor-top-section elementor-element elementor-element-b430c7b elementor-section-boxed elementor-section-height-default elementor-section-height-default\" data-id=\"b430c7b\" data-element_type=\"section\" data-e-type=\"section\">\n\t\t\t\t\t\t<div class=\"elementor-container elementor-column-gap-default\">\n\t\t\t\t\t<div class=\"elementor-column elementor-col-100 elementor-top-column elementor-element elementor-element-0068117\" data-id=\"0068117\" data-element_type=\"column\" data-e-type=\"column\">\n\t\t\t<div class=\"elementor-widget-wrap elementor-element-populated\">\n\t\t\t\t\t\t<div class=\"elementor-element elementor-element-25055fb elementor-widget elementor-widget-heading\" data-id=\"25055fb\" data-element_type=\"widget\" data-e-type=\"widget\" data-widget_type=\"heading.default\">\n\t\t\t\t<div class=\"elementor-widget-container\">\n\t\t\t\t\t<h2 class=\"elementor-heading-title elementor-size-default\">M\u00f3dulos del programa<\/h2>\t\t\t\t<\/div>\n\t\t\t\t<\/div>\n\t\t\t\t\t<\/div>\n\t\t<\/div>\n\t\t\t\t\t<\/div>\n\t\t<\/section>\n\t\t\t\t<section class=\"elementor-section elementor-top-section elementor-element elementor-element-b5b2a9e elementor-section-boxed elementor-section-height-default elementor-section-height-default\" data-id=\"b5b2a9e\" data-element_type=\"section\" data-e-type=\"section\">\n\t\t\t\t\t\t<div class=\"elementor-container elementor-column-gap-default\">\n\t\t\t\t\t<div class=\"elementor-column elementor-col-100 elementor-top-column elementor-element elementor-element-9ddfa39\" data-id=\"9ddfa39\" data-element_type=\"column\" data-e-type=\"column\">\n\t\t\t<div class=\"elementor-widget-wrap elementor-element-populated\">\n\t\t\t\t\t\t<div class=\"elementor-element elementor-element-f57c8a1 elementor-widget elementor-widget-etlms-course-list tutor-addon etlms-course-list\" data-id=\"f57c8a1\" data-element_type=\"widget\" data-e-type=\"widget\" data-widget_type=\"etlms-course-list.default\">\n\t\t\t\t<div class=\"elementor-widget-container\">\n\t\t\t\t\t<div class=\"tutor-wrap tutor-courses-wrap tutor-container etlms-course-list-main-wrap\">\n\t\n\t\t<div class=\"tutor-empty-state td-empty-state tutor-p-32 tutor-text-center\">\n\t\t\t<img decoding=\"async\" src=\"https:\/\/chiefwitchofficer.com\/wp-content\/plugins\/tutor\/assets\/images\/emptystate.svg\" alt=\"No Course Found\" width=\"85%\" \/>\n\t\t\t<div class=\"tutor-fs-6 tutor-color-secondary tutor-text-center\">\n\t\t\tNo Course Found\t\t\t<\/div>\n\t\t<\/div>\n\t\t<\/div>\n<div class=\"tutor-modal tutor-login-modal\" role=\"dialog\" aria-modal=\"true\" aria-labelledby=\"tutor-login-modal-title\" aria-hidden=\"true\">\n\t<div class=\"tutor-modal-overlay\"><\/div>\n\t<div class=\"tutor-modal-window tutor-modal-window-sm\">\n\t\t<div class=\"tutor-modal-content tutor-modal-content-white\">\n\t\t\t<button class=\"tutor-iconic-btn tutor-modal-close-o\" data-tutor-modal-close aria-label=\"Close login dialog\">\n\t\t\t\t<span class=\"tutor-icon-times\" aria-hidden=\"true\"><\/span>\n\t\t\t<\/button>\n\n\t\t\t<div class=\"tutor-modal-body\">\n\t\t\t\t<div class=\"tutor-py-48\">\n\t\t\t\t\t\t\t\t\t\t<div id=\"tutor-login-modal-title\" class=\"tutor-fs-4 tutor-fw-medium tutor-color-black tutor-mb-32\">\u00a1Hola, bienvenido de nuevo!<\/div>\n\t\t\t\t\t<form id=\"tutor-login-form\" method=\"post\">\n\t\t<input type=\"hidden\" id=\"_tutor_nonce\" name=\"_tutor_nonce\" value=\"29f661882c\" \/><input type=\"hidden\" name=\"_wp_http_referer\" value=\"\/es\/wp-json\/wp\/v2\/pages\/3439\" \/>\t<input type=\"hidden\" name=\"tutor_action\" value=\"tutor_user_login\" \/>\n\t<input type=\"hidden\" name=\"redirect_to\" value=\"https:\/\/chiefwitchofficer.com\/es\/wp-json\/wp\/v2\/pages\/3439\" \/>\n\n\t<div class=\"tutor-mb-20\">\n\t\t<input type=\"text\" class=\"tutor-form-control\" placeholder=\"Nombre de usuario o correo electr\u00f3nico\" name=\"log\" value=\"\" size=\"20\" required\/>\n\t<\/div>\n\n\t<div class=\"tutor-mb-32\">\n\t\t<input type=\"password\" class=\"tutor-form-control\" placeholder=\"Contrase\u00f1a\" name=\"pwd\" value=\"\" size=\"20\" required\/>\n\t<\/div>\n\n\t<div class=\"tutor-login-error\" role=\"alert\" aria-live=\"polite\"><\/div>\n\t\t\t<input type=\"hidden\" name=\"timezone\" value=\"Europe\/Madrid\" \/>\n\t\t<script data-jetpack-boost=\"ignore\">\n\t\t\tdocument.addEventListener('DOMContentLoaded', function() {\n\t\t\t\tconst timezone = document.querySelector('input[name=\"timezone\"]');\n\t\t\t\tif ( timezone) {\n\t\t\t\t\tconst tz = Intl.DateTimeFormat().resolvedOptions().timeZone;\n\t\t\t\t\ttimezone.value = tz\n\t\t\t\t}\n\t\t\t});\n\t\t<\/script>\n\t\t\t<div class=\"tutor-d-flex tutor-justify-between tutor-align-center tutor-mb-40\">\n\t\t<div class=\"tutor-form-check\">\n\t\t\t<input id=\"tutor-login-agmnt-1\" type=\"checkbox\" class=\"tutor-form-check-input tutor-bg-black-40\" name=\"rememberme\" value=\"forever\" \/>\n\t\t\t<label for=\"tutor-login-agmnt-1\" class=\"tutor-fs-7 tutor-color-muted\">\n\t\t\t\tMantenerme conectado\t\t\t<\/label>\n\t\t<\/div>\n\t\t<a href=\"https:\/\/chiefwitchofficer.com\/es\/dashboard\/retrieve-password\" class=\"tutor-btn tutor-btn-ghost\">\n\t\t\t\u00bfOlvidaste la contrase\u00f1a?\t\t<\/a>\n\t<\/div>\n\n\t\t<button type=\"submit\" class=\"tutor-btn tutor-btn-primary tutor-btn-block\">\n\t\tAcceder\t<\/button>\n\n\t\t<\/form>\n<script data-jetpack-boost=\"ignore\">\n\tdocument.addEventListener('DOMContentLoaded', function() {\n\t\tvar loginModal = document.querySelector('.tutor-modal.tutor-login-modal');\n\t\tvar errors = [];\n\t\tif (loginModal && errors.length) {\n\t\t\tloginModal.classList.add('tutor-is-active');\n\t\t}\n\t});\n<\/script>\n\n\t\t\t\t\t\t\t\t\t<\/div>\n\t\t\t\t\t\t<style>\n\t\t\t#tutor-pro-twitter-login {\n\t\t\t\twidth: 400px; background-color: #00acee; border-color: #00acee; font-weight: bold;\n\t\t\t}\n\t\t<\/style>\n\t\t<div id=\"tutor-pro-social-authentication\" class=\"tutor-pt-24 tutor-d-flex tutor-flex-column tutor-align-center tutor-border-top-light\" style=\"gap: 10px;\">\n\t\t\t\t\t<\/div>\n\t\t\t\t\t<\/div>\n\t\t<\/div>\n\t<\/div>\n<\/div>\n\t\t\t\t<\/div>\n\t\t\t\t<\/div>\n\t\t\t\t<div class=\"elementor-element elementor-element-6d6c049 etlms-social-icon-rounded elementor-widget elementor-widget-etlms-course-social-share tutor-addon etlms-course-social-share\" data-id=\"6d6c049\" data-element_type=\"widget\" data-e-type=\"widget\" data-widget_type=\"etlms-course-social-share.default\">\n\t\t\t\t<div class=\"elementor-widget-container\">\n\t\t\t\t\t\n<div class=\"etlms-course-share\">\n\t<a data-tutor-modal-target=\"tutor-course-share-opener\" href=\"#\" class=\"tutor-btn tutor-btn-ghost etlms-course-share-btn\">\n\t\t\t\t\t<span class=\"etlms-course-share-icon\">\n                \t\t\t\t\t\t\t<i aria-hidden=\"true\" class=\"fab fa-facebook\"><\/i>\n\t\t\t\t\t\t\t\t\t<\/span>\n\t\t\t\t\t\t\t<span class=\"etlms-course-share-label tutor-ml-8\">\n\t\t\t\tCompartir\t\t\t<\/span>\n\t\t\t<\/a>\n<\/div>\n\n<div id=\"tutor-course-share-opener\" class=\"tutor-modal etlms-course-share-modal\">\n    <span class=\"tutor-modal-overlay\"><\/span>\n    <div class=\"tutor-modal-window\">\n        <div class=\"tutor-modal-content tutor-modal-content-white\">\n            <button class=\"tutor-iconic-btn tutor-modal-close-o\" data-tutor-modal-close>\n                <span class=\"tutor-icon-times\" area-hidden=\"true\"><\/span>\n            <\/button>\n            <div class=\"tutor-modal-body\">\n\t\t\t\t\t\t\t\t<div class=\"etlms-course-share-modal-title tutor-fs-5 tutor-fw-medium tutor-color-black tutor-mb-16\">\n\t\t\t\t\tShare Course                <\/div>\n\t\t\t\t                <div class=\"etlms-course-share-modal-sub-title tutor-fs-7 tutor-color-secondary tutor-mb-12\">\n                    Page Link                <\/div>\n                <div class=\"tutor-mb-32\">\n                    <input class=\"tutor-form-control\" value=\"https:\/\/chiefwitchofficer.com\/es\/talleres-de-liderazgo-creativo-con-barro\/\" \/>\n                <\/div>\n                <div>\n                                        \t\t\t\t\t\t\t\t<div class=\"etlms-course-share-modal-link tutor-color-black tutor-fs-6 tutor-fw-medium tutor-mb-16\">\n\t\t\t\t\t\t\t\tShare on social media\t\t\t\t\t\t\t<\/div>\n\t\t\t\t\t\t                    \t<div class=\"tutor-social-share-wrap\" data-social-share-config=\"{&quot;title&quot;:&quot;Talleres de Liderazgo Creativo con barro&quot;,&quot;text&quot;:&quot;PROGRAMA DE LIDERAZGO CREATIVO: Explorando tu liderazgo Creativo a trav\\u00e9s del barro Hola \\ud83d\\udc4b\\ud83c\\udffc \\u00a1Bienvenido al interesante mundo del liderazgo creativo a trav\\u00e9s del barro! Este programa te llevar\\u00e1 en un viaje \\u00fanico para explorar tus habilidades de liderazgo y creatividad en un entorno que te desafiar\\u00e1 a pensar fuera de tu entorno y con [&hellip;]&quot;,&quot;image&quot;:&quot;https:\\\/\\\/chiefwitchofficer.com\\\/wp-content\\\/plugins\\\/tutor\\\/assets\\\/images\\\/placeholder.svg&quot;}\">\n                    \t                        \t        <button class=\"tutor_share etlms-social-icon-rounded s_facebook ' elementor-animation- tutor-social-share-button\" style=\"background: #3877EA\">\n                    \t                <i class=\"tutor-valign-middle tutor-icon-brand-facebook\"><\/i>                    \t        <\/button>\n\t\t\t\t\t\t\t                    \t        <button class=\"tutor_share etlms-social-icon-rounded s_twitter ' elementor-animation- tutor-social-share-button\" style=\"background: #000000\">\n                    \t                <i class=\"tutor-valign-middle tutor-icon-brand-x-twitter\"><\/i>                    \t        <\/button>\n\t\t\t\t\t\t\t                    \t        <button class=\"tutor_share etlms-social-icon-rounded s_linkedin ' elementor-animation- tutor-social-share-button\" style=\"background: #3967B6\">\n                    \t                <i class=\"tutor-valign-middle tutor-icon-brand-linkedin\"><\/i>                    \t        <\/button>\n\t\t\t\t\t\t\t                    \t<\/div>\n                                     <\/div>\n            <\/div>\n        <\/div>\n    <\/div>\n<\/div>\t\t\t\t<\/div>\n\t\t\t\t<\/div>\n\t\t\t\t\t<\/div>\n\t\t<\/div>\n\t\t\t\t\t<\/div>\n\t\t<\/section>\n\t\t\t\t<section class=\"elementor-section elementor-top-section elementor-element elementor-element-71cbdfa4 elementor-section-boxed elementor-section-height-default elementor-section-height-default\" data-id=\"71cbdfa4\" data-element_type=\"section\" data-e-type=\"section\" data-settings=\"{&quot;background_background&quot;:&quot;classic&quot;}\">\n\t\t\t\t\t\t<div class=\"elementor-container elementor-column-gap-default\">\n\t\t\t\t\t<div class=\"elementor-column elementor-col-100 elementor-top-column elementor-element elementor-element-5ef9f9eb\" data-id=\"5ef9f9eb\" data-element_type=\"column\" data-e-type=\"column\">\n\t\t\t<div class=\"elementor-widget-wrap elementor-element-populated\">\n\t\t\t\t\t\t<div class=\"elementor-element elementor-element-ccbae2e elementor-widget elementor-widget-heading\" data-id=\"ccbae2e\" data-element_type=\"widget\" data-e-type=\"widget\" data-widget_type=\"heading.default\">\n\t\t\t\t<div class=\"elementor-widget-container\">\n\t\t\t\t\t<h2 class=\"elementor-heading-title elementor-size-default\">\u00bfDeseas m\u00e1s informaci\u00f3n?<\/h2>\t\t\t\t<\/div>\n\t\t\t\t<\/div>\n\t\t\t\t<div class=\"elementor-element elementor-element-488ad30f elementor-widget elementor-widget-form\" data-id=\"488ad30f\" data-element_type=\"widget\" data-e-type=\"widget\" data-widget_type=\"form.default\">\n\t\t\t\t<div class=\"elementor-widget-container\">\n\t\t\t\t\t \t\t\t\t<\/div>\n\t\t\t\t<\/div>\n\t\t\t\t\t<\/div>\n\t\t<\/div>\n\t\t\t\t\t<\/div>\n\t\t<\/section>\n\t\t\t\t<\/div>\n\t\t","protected":false},"excerpt":{"rendered":"<p>PROGRAMA DE LIDERAZGO CREATIVO: Explorando tu liderazgo Creativo a trav\u00e9s del barro Hola \ud83d\udc4b\ud83c\udffc \u00a1Bienvenido al interesante mundo del liderazgo creativo a trav\u00e9s del barro! Este programa te llevar\u00e1 en un viaje \u00fanico para explorar tus habilidades de liderazgo y creatividad en un entorno que te desafiar\u00e1 a pensar fuera de tu entorno y con [&hellip;]<\/p>\n","protected":false},"author":1,"featured_media":0,"parent":0,"menu_order":0,"comment_status":"closed","ping_status":"closed","template":"","meta":{"_monsterinsights_skip_tracking":false,"_monsterinsights_sitenote_active":false,"_monsterinsights_sitenote_note":"","_monsterinsights_sitenote_category":0,"site-sidebar-layout":"no-sidebar","site-content-layout":"page-builder","ast-site-content-layout":"default","site-content-style":"default","site-sidebar-style":"default","ast-global-header-display":"","ast-banner-title-visibility":"","ast-main-header-display":"","ast-hfb-above-header-display":"","ast-hfb-below-header-display":"","ast-hfb-mobile-header-display":"","site-post-title":"disabled","ast-breadcrumbs-content":"","ast-featured-img":"disabled","footer-sml-layout":"","ast-disable-related-posts":"","theme-transparent-header-meta":"","adv-header-id-meta":"","stick-header-meta":"","header-above-stick-meta":"","header-main-stick-meta":"","header-below-stick-meta":"","astra-migrate-meta-layouts":"default","ast-page-background-enabled":"default","ast-page-background-meta":{"desktop":{"background-color":"","background-image":"","background-repeat":"repeat","background-position":"center center","background-size":"auto","background-attachment":"scroll","background-type":"","background-media":"","overlay-type":"","overlay-color":"","overlay-opacity":"","overlay-gradient":""},"tablet":{"background-color":"","background-image":"","background-repeat":"repeat","background-position":"center center","background-size":"auto","background-attachment":"scroll","background-type":"","background-media":"","overlay-type":"","overlay-color":"","overlay-opacity":"","overlay-gradient":""},"mobile":{"background-color":"","background-image":"","background-repeat":"repeat","background-position":"center center","background-size":"auto","background-attachment":"scroll","background-type":"","background-media":"","overlay-type":"","overlay-color":"","overlay-opacity":"","overlay-gradient":""}},"ast-content-background-meta":{"desktop":{"background-color":"var(--ast-global-color-5)","background-image":"","background-repeat":"repeat","background-position":"center center","background-size":"auto","background-attachment":"scroll","background-type":"","background-media":"","overlay-type":"","overlay-color":"","overlay-opacity":"","overlay-gradient":""},"tablet":{"background-color":"var(--ast-global-color-5)","background-image":"","background-repeat":"repeat","background-position":"center center","background-size":"auto","background-attachment":"scroll","background-type":"","background-media":"","overlay-type":"","overlay-color":"","overlay-opacity":"","overlay-gradient":""},"mobile":{"background-color":"var(--ast-global-color-5)","background-image":"","background-repeat":"repeat","background-position":"center center","background-size":"auto","background-attachment":"scroll","background-type":"","background-media":"","overlay-type":"","overlay-color":"","overlay-opacity":"","overlay-gradient":""}},"footnotes":""},"class_list":["post-3439","page","type-page","status-publish","hentry"],"aioseo_notices":[],"_links":{"self":[{"href":"https:\/\/chiefwitchofficer.com\/es\/wp-json\/wp\/v2\/pages\/3439","targetHints":{"allow":["GET"]}}],"collection":[{"href":"https:\/\/chiefwitchofficer.com\/es\/wp-json\/wp\/v2\/pages"}],"about":[{"href":"https:\/\/chiefwitchofficer.com\/es\/wp-json\/wp\/v2\/types\/page"}],"author":[{"embeddable":true,"href":"https:\/\/chiefwitchofficer.com\/es\/wp-json\/wp\/v2\/users\/1"}],"replies":[{"embeddable":true,"href":"https:\/\/chiefwitchofficer.com\/es\/wp-json\/wp\/v2\/comments?post=3439"}],"version-history":[{"count":0,"href":"https:\/\/chiefwitchofficer.com\/es\/wp-json\/wp\/v2\/pages\/3439\/revisions"}],"wp:attachment":[{"href":"https:\/\/chiefwitchofficer.com\/es\/wp-json\/wp\/v2\/media?parent=3439"}],"curies":[{"name":"wp","href":"https:\/\/api.w.org\/{rel}","templated":true}]}}